{"id":184,"date":"2022-05-22T17:54:18","date_gmt":"2022-05-22T17:54:18","guid":{"rendered":"https:\/\/hablamosdedrones.com\/?page_id=184"},"modified":"2022-11-17T09:05:25","modified_gmt":"2022-11-17T09:05:25","slug":"quien-soy","status":"publish","type":"page","link":"https:\/\/hablamosdedrones.com\/index.php\/quien-soy\/","title":{"rendered":"\u00bfQui\u00e9n soy?"},"content":{"rendered":"<p>[et_pb_section fb_built=\u00bb1&#8243; fullwidth=\u00bbon\u00bb _builder_version=\u00bb4.17.4&#8243; _module_preset=\u00bbdefault\u00bb global_colors_info=\u00bb{}\u00bb][et_pb_fullwidth_header title=\u00bbSobre Nosotros\u00bb header_fullscreen=\u00bbon\u00bb header_scroll_down=\u00bbon\u00bb scroll_down_icon=\u00bb%%1%%\u00bb _builder_version=\u00bb4.18.0&#8243; _module_preset=\u00bbdefault\u00bb title_font=\u00bbPT Sans|700||on|||||\u00bb title_text_align=\u00bbcenter\u00bb title_font_size=\u00bb60px\u00bb title_line_height=\u00bb2.1em\u00bb content_font=\u00bbPT Sans|700|||||||\u00bb content_text_align=\u00bbcenter\u00bb content_font_size=\u00bb24px\u00bb background_color=\u00bbRGBA(255,255,255,0)\u00bb background_image=\u00bbhttps:\/\/hablamosdedrones.com\/wp-content\/uploads\/2022\/05\/Hablamos-De-Drones-21-scaled.jpg\u00bb parallax=\u00bbon\u00bb custom_padding=\u00bb0px||0px||false|false\u00bb text_shadow_style=\u00bbpreset1&#8243; global_colors_info=\u00bb{}\u00bb]<\/p>\n<p><span>Somos conocidos tanto por nuestra responsabilidad como por la labor de concienciaci\u00f3n que realizamos.<\/span><\/p>\n<p>[\/et_pb_fullwidth_header][\/et_pb_section][et_pb_section fb_built=\u00bb1&#8243; admin_label=\u00bbFeatures\u00bb _builder_version=\u00bb4.16&#8243; _module_preset=\u00bbdefault\u00bb custom_padding=\u00bb100px|0px|100px|0px\u00bb global_colors_info=\u00bb{}\u00bb][et_pb_row column_structure=\u00bb1_4,3_4&#8243; admin_label=\u00bbSection Header\u00bb _builder_version=\u00bb4.16&#8243; _module_preset=\u00bbdefault\u00bb module_alignment=\u00bbcenter\u00bb custom_padding=\u00bb|||\u00bb global_colors_info=\u00bb{}\u00bb][et_pb_column type=\u00bb1_4&#8243; _builder_version=\u00bb4.16&#8243; _module_preset=\u00bbdefault\u00bb custom_padding=\u00bb|||\u00bb global_colors_info=\u00bb{}\u00bb custom_padding__hover=\u00bb|||\u00bb][et_pb_image src=\u00bbhttps:\/\/hablamosdedrones.com\/wp-content\/uploads\/2022\/10\/Hablamos-de-Drones-Felix-de-la-Rosa.jpg\u00bb title_text=\u00bbHablamos de Drones Felix de la Rosa\u00bb _builder_version=\u00bb4.18.1&#8243; _module_preset=\u00bbdefault\u00bb transform_rotate=\u00bb0deg|0deg|349deg\u00bb border_radii=\u00bbon|10px|10px|10px|10px\u00bb box_shadow_style=\u00bbpreset2&#8243; global_colors_info=\u00bb{}\u00bb][\/et_pb_image][\/et_pb_column][et_pb_column type=\u00bb3_4&#8243; _builder_version=\u00bb4.16&#8243; _module_preset=\u00bbdefault\u00bb custom_padding=\u00bb|||\u00bb global_colors_info=\u00bb{}\u00bb custom_padding__hover=\u00bb|||\u00bb][et_pb_text _builder_version=\u00bb4.17.4&#8243; _module_preset=\u00bbdefault\u00bb text_font=\u00bbPT Sans||||||||\u00bb text_font_size=\u00bb20px\u00bb text_line_height=\u00bb1.6em\u00bb global_colors_info=\u00bb{}\u00bb]<\/p>\n<p dir=\"ltr\"><span>Pues aqu\u00ed me tienen, tan contento de poder llevar a cabo esta idea que me tiene entretenido y apasionado: hablar de drones con aquel que se cruce en mi camino.\u00a0<\/span><\/p>\n<p dir=\"ltr\"><span>Todo surgi\u00f3 por mi inter\u00e9s en poder aplicar esta nueva tecnolog\u00eda en otra de mis actividades: gu\u00eda de turismo y de senderismo.<\/span><span><\/span><\/p>\n<p dir=\"ltr\"><span><\/span><span>De ah\u00ed a hacer la formaci\u00f3n, la preparaci\u00f3n de todo lo necesario para cumplir con las normas y tambi\u00e9n la divulgaci\u00f3n, pues siempre me ha atra\u00eddo lo de compartir conocimientos con aquellas personas que se interesen por lo que pueda trasmitir. <\/span><span><\/span><\/p>\n<p dir=\"ltr\"><span><\/span><span>Espero que pueda hacerles llegar cu\u00e1nto de bueno tienen estos aparatos, que va m\u00e1s all\u00e1 de usarlo para hacer fotos y v\u00eddeos. <\/span><span><br \/><\/span><\/p>\n<p>[\/et_pb_text][\/et_pb_column][\/et_pb_row][et_pb_row custom_padding_last_edited=\u00bboff|desktop\u00bb admin_label=\u00bbCoffee Info\u00bb _builder_version=\u00bb4.16&#8243; _module_preset=\u00bbdefault\u00bb custom_padding=\u00bb|||\u00bb custom_padding_tablet=\u00bb|0px||\u00bb custom_padding_phone=\u00bb|0px||\u00bb custom_width_px=\u00bb510px\u00bb global_colors_info=\u00bb{}\u00bb][et_pb_column type=\u00bb4_4&#8243; _builder_version=\u00bb4.16&#8243; _module_preset=\u00bbdefault\u00bb custom_padding=\u00bb|||\u00bb global_colors_info=\u00bb{}\u00bb custom_padding__hover=\u00bb|||\u00bb][et_pb_text _builder_version=\u00bb4.17.4&#8243; _module_preset=\u00bbdefault\u00bb text_font=\u00bbPT Sans||||||||\u00bb text_font_size=\u00bb20px\u00bb global_colors_info=\u00bb{}\u00bb]<\/p>\n<p dir=\"ltr\"><span><br \/><\/span><span>Les espero o mejor, contacten conmigo y \u00abHABLAMOS DE DRONES\u00bb.\u00a0<\/span><span>F\u00e9lix de la Rosa P\u00e9rez (piloto y operador de dron).<\/span><\/p>\n<p>[\/et_pb_text][\/et_pb_column][\/et_pb_row][\/et_pb_section][et_pb_section fb_built=\u00bb1&#8243; admin_label=\u00bbFooter\u00bb _builder_version=\u00bb4.17.4&#8243; _module_preset=\u00bb0290d719-9896-461c-9197-135527161e34&#8243; global_module=\u00bb303&#8243; saved_tabs=\u00bball\u00bb locked=\u00bboff\u00bb global_colors_info=\u00bb{}\u00bb][et_pb_row column_structure=\u00bb1_2,1_2&#8243; use_custom_gutter=\u00bbon\u00bb gutter_width=\u00bb1&#8243; make_equal=\u00bbon\u00bb admin_label=\u00bbFooter Row\u00bb module_class=\u00bb et_pb_row_fullwidth\u00bb _builder_version=\u00bb4.19.0&#8243; _module_preset=\u00bbdefault\u00bb width=\u00bb100%\u00bb width_tablet=\u00bb100%\u00bb width_phone=\u00bb100%\u00bb width_last_edited=\u00bbon|desktop\u00bb max_width=\u00bb100%\u00bb max_width_tablet=\u00bb100%\u00bb max_width_phone=\u00bb100%\u00bb max_width_last_edited=\u00bbon|desktop\u00bb custom_margin=\u00bb-1px||||false|false\u00bb custom_padding=\u00bb0px|0px|0px|0px||\u00bb animation_style=\u00bbfade\u00bb hover_enabled=\u00bb0&#8243; make_fullwidth=\u00bbon\u00bb global_colors_info=\u00bb{}\u00bb sticky_enabled=\u00bb0&#8243;][et_pb_column type=\u00bb1_2&#8243; _builder_version=\u00bb4.17.4&#8243; _module_preset=\u00bbdefault\u00bb background_color=\u00bbrgba(0,0,0,0.3)\u00bb background_image=\u00bbhttps:\/\/hablamosdedrones.com\/wp-content\/uploads\/2022\/05\/Hablamos-De-Drones-0701.png\u00bb background_blend=\u00bbsaturation\u00bb custom_padding=\u00bb100px|10%|100px|10%\u00bb custom_padding_tablet=\u00bb100px|10%|100px|10%\u00bb custom_padding_phone=\u00bb100px|10%|100px|10%\u00bb custom_padding_last_edited=\u00bbon|phone\u00bb global_colors_info=\u00bb{}\u00bb padding_last_edited=\u00bbon|phone\u00bb custom_padding__hover=\u00bb|||\u00bb][et_pb_text admin_label=\u00bbTittle\u00bb _builder_version=\u00bb4.19.0&#8243; _module_preset=\u00bbdefault\u00bb text_font=\u00bbPT Sans|700|||||||\u00bb text_font_size=\u00bb50px\u00bb text_line_height=\u00bb1.8em\u00bb link_font=\u00bb||||||||\u00bb ul_font=\u00bb||||||||\u00bb ol_font=\u00bb||||||||\u00bb quote_font=\u00bb||||||||\u00bb header_font=\u00bb||||||||\u00bb header_2_font=\u00bbOswald|||on|||||\u00bb header_2_text_align=\u00bbleft\u00bb header_2_font_size=\u00bb40px\u00bb header_2_letter_spacing=\u00bb2px\u00bb header_2_line_height=\u00bb1.5em\u00bb background_layout=\u00bbdark\u00bb custom_margin=\u00bb||4%|\u00bb locked=\u00bboff\u00bb global_colors_info=\u00bb{}\u00bb]<\/p>\n<p style=\"text-align: left;\">Redes Sociales<\/p>\n<p>&nbsp;<\/p>\n<p>[\/et_pb_text][et_pb_text admin_label=\u00bbTexts\u00bb _builder_version=\u00bb4.17.4&#8243; _module_preset=\u00bbdefault\u00bb text_font=\u00bbPT Sans|700|||||||\u00bb text_font_size=\u00bb50px\u00bb text_line_height=\u00bb1.5em\u00bb header_font=\u00bbOswald|||on|\u00bb header_text_color=\u00bb#DCA57D\u00bb header_font_size=\u00bb16px\u00bb header_letter_spacing=\u00bb2px\u00bb header_line_height=\u00bb1.7em\u00bb header_4_font=\u00bbOswald|||on|||||\u00bb header_4_text_color=\u00bb#DCA57D\u00bb header_4_font_size=\u00bb16px\u00bb header_4_letter_spacing=\u00bb1px\u00bb header_4_line_height=\u00bb1.5em\u00bb background_layout=\u00bbdark\u00bb custom_margin=\u00bb||6%|\u00bb locked=\u00bboff\u00bb global_colors_info=\u00bb{}\u00bb]<\/p>\n<p><a href=\"https:\/\/www.facebook.com\/hablamosdedrones\" target=\"_blank\" rel=\"noopener\">Facebook<\/a><a href=\"https:\/\/www.facebook.com\/hablamosdedrones\" target=\"_blank\" rel=\"noopener\"><\/a><\/p>\n<p>[\/et_pb_text][et_pb_text admin_label=\u00bbTexts\u00bb _builder_version=\u00bb4.17.4&#8243; _module_preset=\u00bbdefault\u00bb text_font=\u00bbPT Sans|700|||||||\u00bb text_font_size=\u00bb50px\u00bb text_line_height=\u00bb1.5em\u00bb header_font=\u00bbOswald|||on|\u00bb header_text_color=\u00bb#DCA57D\u00bb header_font_size=\u00bb16px\u00bb header_letter_spacing=\u00bb2px\u00bb header_line_height=\u00bb1.7em\u00bb header_4_font=\u00bbOswald|||on|||||\u00bb header_4_text_color=\u00bb#DCA57D\u00bb header_4_font_size=\u00bb16px\u00bb header_4_letter_spacing=\u00bb1px\u00bb header_4_line_height=\u00bb1.5em\u00bb background_layout=\u00bbdark\u00bb custom_margin=\u00bb||6%|\u00bb locked=\u00bboff\u00bb global_colors_info=\u00bb{}\u00bb]<\/p>\n<p><a href=\"https:\/\/www.instagram.com\/hablamos_de_drones\/\" target=\"_blank\" rel=\"noopener\">Instagram<\/a><a href=\"https:\/\/www.instagram.com\/hablamos_de_drones\/\" target=\"_blank\" rel=\"noopener\"><\/a><\/p>\n<p>[\/et_pb_text][et_pb_text admin_label=\u00bbTexts\u00bb _builder_version=\u00bb4.19.0&#8243; _module_preset=\u00bbdefault\u00bb text_font=\u00bbPT Sans|700|||||||\u00bb text_font_size=\u00bb50px\u00bb text_line_height=\u00bb1.5em\u00bb header_font=\u00bbOswald|||on|\u00bb header_text_color=\u00bb#DCA57D\u00bb header_font_size=\u00bb16px\u00bb header_letter_spacing=\u00bb2px\u00bb header_line_height=\u00bb1.7em\u00bb header_4_font=\u00bbOswald|||on|||||\u00bb header_4_text_color=\u00bb#DCA57D\u00bb header_4_font_size=\u00bb16px\u00bb header_4_letter_spacing=\u00bb1px\u00bb header_4_line_height=\u00bb1.5em\u00bb background_layout=\u00bbdark\u00bb custom_margin=\u00bb||6%|\u00bb locked=\u00bboff\u00bb global_colors_info=\u00bb{}\u00bb]<\/p>\n<p><a href=\"https:\/\/www.youtube.com\/c\/Hablamosdedrones\" target=\"_blank\" rel=\"noopener\">YouTube<\/a><a href=\"https:\/\/www.youtube.com\/channel\/UCN_AqtS9-2oheYEhTB7ZgFQ\" target=\"_blank\" rel=\"noopener\"><\/a><\/p>\n<p>[\/et_pb_text][\/et_pb_column][et_pb_column type=\u00bb1_2&#8243; _builder_version=\u00bb4.17.4&#8243; _module_preset=\u00bbdefault\u00bb background_color=\u00bbgcid-81da0115-35a2-4c55-937e-e4e8237e1467&#8243; custom_padding=\u00bb100px|10%|100px|10%\u00bb global_colors_info=\u00bb{%22gcid-81da0115-35a2-4c55-937e-e4e8237e1467%22:%91%22background_color%22%93}\u00bb custom_padding__hover=\u00bb|||\u00bb][et_pb_text admin_label=\u00bbTexts\u00bb _builder_version=\u00bb4.17.4&#8243; _module_preset=\u00bbdefault\u00bb text_font=\u00bbPT Sans|700|||||||\u00bb text_font_size=\u00bb50px\u00bb link_font=\u00bb||||||||\u00bb ul_font=\u00bb||||||||\u00bb ol_font=\u00bb||||||||\u00bb quote_font=\u00bb||||||||\u00bb header_font=\u00bb||||||||\u00bb header_2_font=\u00bbOswald|||on|||||\u00bb header_2_text_align=\u00bbleft\u00bb header_2_font_size=\u00bb40px\u00bb header_2_letter_spacing=\u00bb2px\u00bb header_2_line_height=\u00bb1.5em\u00bb background_layout=\u00bbdark\u00bb custom_margin=\u00bb||4%|\u00bb custom_padding=\u00bb|||\u00bb locked=\u00bboff\u00bb global_colors_info=\u00bb{}\u00bb]<\/p>\n<p>Contacto<\/p>\n<p>[\/et_pb_text][et_pb_text admin_label=\u00bbTexts\u00bb _builder_version=\u00bb4.18.0&#8243; _module_preset=\u00bbdefault\u00bb text_font=\u00bbNunito||||\u00bb text_font_size=\u00bb16px\u00bb header_font=\u00bbOswald|||on|\u00bb header_text_color=\u00bb#DCA57D\u00bb header_font_size=\u00bb16px\u00bb header_letter_spacing=\u00bb2px\u00bb header_line_height=\u00bb1.7em\u00bb header_4_font=\u00bbOswald|||on|||||\u00bb header_4_text_color=\u00bb#DCA57D\u00bb header_4_font_size=\u00bb16px\u00bb header_4_letter_spacing=\u00bb1px\u00bb header_4_line_height=\u00bb1.5em\u00bb background_layout=\u00bbdark\u00bb custom_margin=\u00bb||6%|\u00bb locked=\u00bboff\u00bb global_colors_info=\u00bb{}\u00bb]<\/p>\n<h4>Tel\u00e9fono<\/h4>\n<p>+(34)\u00a0672 490 732<\/p>\n<p>[\/et_pb_text][et_pb_text admin_label=\u00bbTexts\u00bb _builder_version=\u00bb4.17.4&#8243; _module_preset=\u00bbdefault\u00bb text_font=\u00bbNunito||||\u00bb text_font_size=\u00bb16px\u00bb header_font=\u00bbOswald|||on|\u00bb header_text_color=\u00bb#DCA57D\u00bb header_font_size=\u00bb16px\u00bb header_letter_spacing=\u00bb2px\u00bb header_line_height=\u00bb1.7em\u00bb header_4_font=\u00bbOswald|||on|||||\u00bb header_4_text_color=\u00bb#DCA57D\u00bb header_4_font_size=\u00bb16px\u00bb header_4_letter_spacing=\u00bb1px\u00bb header_4_line_height=\u00bb1.5em\u00bb background_layout=\u00bbdark\u00bb custom_margin=\u00bb||6%|\u00bb locked=\u00bboff\u00bb global_colors_info=\u00bb{}\u00bb]<\/p>\n<h4>Correo<\/h4>\n<p>hablamosdedrones@gmail.com<\/p>\n<p>[\/et_pb_text][et_pb_divider _builder_version=\u00bb4.17.4&#8243; _module_preset=\u00bbdefault\u00bb global_colors_info=\u00bb{}\u00bb][\/et_pb_divider][et_pb_text _builder_version=\u00bb4.17.4&#8243; _module_preset=\u00bbdefault\u00bb text_font=\u00bbPT Sans|700|||||||\u00bb text_text_color=\u00bb#FFFFFF\u00bb text_font_size=\u00bb30px\u00bb custom_margin=\u00bb||25px|||\u00bb global_colors_info=\u00bb{}\u00bb]<\/p>\n<p>Aviso Legal<\/p>\n<p>[\/et_pb_text][et_pb_text _builder_version=\u00bb4.17.4&#8243; _module_preset=\u00bbdefault\u00bb text_font=\u00bbPT Sans|700|||||||\u00bb text_text_color=\u00bb#FFFFFF\u00bb text_font_size=\u00bb30px\u00bb custom_margin=\u00bb||25px|||\u00bb global_colors_info=\u00bb{}\u00bb]<\/p>\n<p>Pol\u00edtica de Privacidad<\/p>\n<p>[\/et_pb_text][et_pb_text _builder_version=\u00bb4.17.4&#8243; _module_preset=\u00bbdefault\u00bb text_font=\u00bbPT Sans|700|||||||\u00bb text_text_color=\u00bb#FFFFFF\u00bb text_font_size=\u00bb30px\u00bb custom_margin=\u00bb||25px|||\u00bb global_colors_info=\u00bb{}\u00bb]<\/p>\n<p>Pol\u00edtica de Cookies<\/p>\n<p>[\/et_pb_text][\/et_pb_column][\/et_pb_row][\/et_pb_section]<\/p>\n","protected":false},"excerpt":{"rendered":"<p>Somos conocidos tanto por nuestra responsabilidad como por la labor de concienciaci\u00f3n que realizamos.Pues aqu\u00ed me tienen, tan contento de poder llevar a cabo esta idea que me tiene entretenido y apasionado: hablar de drones con aquel que se cruce en mi camino.\u00a0 Todo surgi\u00f3 por mi inter\u00e9s en poder aplicar esta nueva tecnolog\u00eda en [&hellip;]<\/p>\n","protected":false},"author":2,"featured_media":0,"parent":0,"menu_order":0,"comment_status":"closed","ping_status":"closed","template":"","meta":{"_et_pb_use_builder":"on","_et_pb_old_content":"","_et_gb_content_width":"","footnotes":""},"class_list":["post-184","page","type-page","status-publish","hentry"],"_links":{"self":[{"href":"https:\/\/hablamosdedrones.com\/index.php\/wp-json\/wp\/v2\/pages\/184","targetHints":{"allow":["GET"]}}],"collection":[{"href":"https:\/\/hablamosdedrones.com\/index.php\/wp-json\/wp\/v2\/pages"}],"about":[{"href":"https:\/\/hablamosdedrones.com\/index.php\/wp-json\/wp\/v2\/types\/page"}],"author":[{"embeddable":true,"href":"https:\/\/hablamosdedrones.com\/index.php\/wp-json\/wp\/v2\/users\/2"}],"replies":[{"embeddable":true,"href":"https:\/\/hablamosdedrones.com\/index.php\/wp-json\/wp\/v2\/comments?post=184"}],"version-history":[{"count":12,"href":"https:\/\/hablamosdedrones.com\/index.php\/wp-json\/wp\/v2\/pages\/184\/revisions"}],"predecessor-version":[{"id":507,"href":"https:\/\/hablamosdedrones.com\/index.php\/wp-json\/wp\/v2\/pages\/184\/revisions\/507"}],"wp:attachment":[{"href":"https:\/\/hablamosdedrones.com\/index.php\/wp-json\/wp\/v2\/media?parent=184"}],"curies":[{"name":"wp","href":"https:\/\/api.w.org\/{rel}","templated":true}]}}